{"id":176,"date":"2025-10-13T13:11:52","date_gmt":"2025-10-13T13:11:52","guid":{"rendered":"https:\/\/inoventium.com\/?page_id=176"},"modified":"2025-10-13T13:41:24","modified_gmt":"2025-10-13T13:41:24","slug":"iletisim","status":"publish","type":"page","link":"https:\/\/inoventium.com\/?page_id=176","title":{"rendered":"\u0130leti\u015fim"},"content":{"rendered":"\n<p style=\"font-size:16px\">Inoventium \u2014 Yaz\u0131l\u0131m &amp; Dijital Pazarlama<\/p>\n\n\n\n<p class=\"has-text-align-left has-medium-font-size\"><a href=\"https:\/\/maps.app.goo.gl\/RmcqNDuhc62oCvJD7\" data-type=\"link\" data-id=\"https:\/\/share.google\/H818KoXwzxhliL7n6\"><strong>Ofis<\/strong> (Konum)<\/a><\/p>\n\n\n\n<p style=\"font-size:16px\">Arap\u00e7e\u015fme mh. 1051\/1 sk. No:10\/A Gebze\/KOCAEL\u0130<br>+90 850 308 6997<br>info@inoventium.com<br>Hafta i\u00e7i 09:00 \u2013 18:00 aras\u0131 hizmetinizdeyiz<\/p>\n","protected":false},"excerpt":{"rendered":"<p>Inoventium \u2014 Yaz\u0131l\u0131m &amp; Dijital Pazarlama Ofis (Konum) Arap\u00e7e\u015fme mh. 1051\/1 sk. No:10\/A Gebze\/KOCAEL\u0130+90 850 308 6997info@inoventium.comHafta i\u00e7i 09:00 \u2013 18:00 aras\u0131 hizmetinizdeyiz<\/p>\n","protected":false},"author":1,"featured_media":0,"parent":0,"menu_order":0,"comment_status":"closed","ping_status":"closed","template":"","meta":{"footnotes":""},"class_list":["post-176","page","type-page","status-publish","hentry"],"_links":{"self":[{"href":"https:\/\/inoventium.com\/index.php?rest_route=\/wp\/v2\/pages\/176","targetHints":{"allow":["GET"]}}],"collection":[{"href":"https:\/\/inoventium.com\/index.php?rest_route=\/wp\/v2\/pages"}],"about":[{"href":"https:\/\/inoventium.com\/index.php?rest_route=\/wp\/v2\/types\/page"}],"author":[{"embeddable":true,"href":"https:\/\/inoventium.com\/index.php?rest_route=\/wp\/v2\/users\/1"}],"replies":[{"embeddable":true,"href":"https:\/\/inoventium.com\/index.php?rest_route=%2Fwp%2Fv2%2Fcomments&post=176"}],"version-history":[{"count":10,"href":"https:\/\/inoventium.com\/index.php?rest_route=\/wp\/v2\/pages\/176\/revisions"}],"predecessor-version":[{"id":196,"href":"https:\/\/inoventium.com\/index.php?rest_route=\/wp\/v2\/pages\/176\/revisions\/196"}],"wp:attachment":[{"href":"https:\/\/inoventium.com\/index.php?rest_route=%2Fwp%2Fv2%2Fmedia&parent=176"}],"curies":[{"name":"wp","href":"https:\/\/api.w.org\/{rel}","templated":true}]}}