{"id":87,"date":"2025-04-16T21:37:47","date_gmt":"2025-04-16T21:37:47","guid":{"rendered":"https:\/\/inoventium.com\/?page_id=87"},"modified":"2025-04-16T21:37:47","modified_gmt":"2025-04-16T21:37:47","slug":"projelerimiz","status":"publish","type":"page","link":"https:\/\/inoventium.com\/?page_id=87","title":{"rendered":"Projelerimiz"},"content":{"rendered":"\n<ul class=\"wp-block-list\">\n<li>Pazaryeri Platformu<\/li>\n\n\n\n<li>\u00dcr\u00fcn Y\u00f6netimi<\/li>\n\n\n\n<li>Stok Y\u00f6netimi<\/li>\n\n\n\n<li>M\u00fc\u015fteri Takibi<\/li>\n\n\n\n<li>Depo Y\u00f6netimi<\/li>\n\n\n\n<li>Erp Sistemleri<\/li>\n\n\n\n<li>API Entegrasyonlar\u0131<\/li>\n\n\n\n<li>Mobil Uygulamalar<\/li>\n\n\n\n<li>Cari Hareketler Takibi<\/li>\n\n\n\n<li>Muhasebe Uygulamalar\u0131 Entegrasyonlar\u0131<\/li>\n<\/ul>\n","protected":false},"excerpt":{"rendered":"","protected":false},"author":1,"featured_media":0,"parent":0,"menu_order":0,"comment_status":"closed","ping_status":"closed","template":"","meta":{"footnotes":""},"class_list":["post-87","page","type-page","status-publish","hentry"],"_links":{"self":[{"href":"https:\/\/inoventium.com\/index.php?rest_route=\/wp\/v2\/pages\/87","targetHints":{"allow":["GET"]}}],"collection":[{"href":"https:\/\/inoventium.com\/index.php?rest_route=\/wp\/v2\/pages"}],"about":[{"href":"https:\/\/inoventium.com\/index.php?rest_route=\/wp\/v2\/types\/page"}],"author":[{"embeddable":true,"href":"https:\/\/inoventium.com\/index.php?rest_route=\/wp\/v2\/users\/1"}],"replies":[{"embeddable":true,"href":"https:\/\/inoventium.com\/index.php?rest_route=%2Fwp%2Fv2%2Fcomments&post=87"}],"version-history":[{"count":1,"href":"https:\/\/inoventium.com\/index.php?rest_route=\/wp\/v2\/pages\/87\/revisions"}],"predecessor-version":[{"id":88,"href":"https:\/\/inoventium.com\/index.php?rest_route=\/wp\/v2\/pages\/87\/revisions\/88"}],"wp:attachment":[{"href":"https:\/\/inoventium.com\/index.php?rest_route=%2Fwp%2Fv2%2Fmedia&parent=87"}],"curies":[{"name":"wp","href":"https:\/\/api.w.org\/{rel}","templated":true}]}}